{"id":114,"date":"2019-07-15T04:24:10","date_gmt":"2019-07-15T04:24:10","guid":{"rendered":"https:\/\/eu-tech.pl\/?page_id=114"},"modified":"2025-10-15T11:39:28","modified_gmt":"2025-10-15T11:39:28","slug":"uslugi","status":"publish","type":"page","link":"http:\/\/eu-tech.pl\/en\/uslugi\/","title":{"rendered":"Services"},"content":{"rendered":"<div data-elementor-type=\"wp-post\" data-elementor-id=\"114\" class=\"elementor elementor-114\">\n\t\t\t\t\t\t<section class=\"elementor-section elementor-top-section elementor-element elementor-element-ed11a40 elementor-section-stretched elementor-section-boxed elementor-section-height-default elementor-section-height-default\" data-id=\"ed11a40\" data-element_type=\"section\" data-settings=\"{&quot;stretch_section&quot;:&quot;section-stretched&quot;,&quot;background_background&quot;:&quot;classic&quot;}\">\n\t\t\t\t\t\t<div class=\"elementor-container elementor-column-gap-default\">\n\t\t\t\t\t<div class=\"elementor-column elementor-col-100 elementor-top-column elementor-element elementor-element-ddc67cf\" data-id=\"ddc67cf\" data-element_type=\"column\">\n\t\t\t<div class=\"elementor-widget-wrap elementor-element-populated\">\n\t\t\t\t\t\t<div class=\"elementor-element elementor-element-a1c2d52 elementor-widget elementor-widget-rt-service-grid\" data-id=\"a1c2d52\" data-element_type=\"widget\" data-widget_type=\"rt-service-grid.default\">\n\t\t\t\t<div class=\"elementor-widget-container\">\n\t\t\t\t\t<div class=\"service-default service-grid-layout2\">\n\t<div class=\"row  rt-masonry-grid\">\t\n\t\t\t\t<div class=\"col-lg-4 col-md-6 col-sm-6 col-xs-12 rt-grid-item\">\n\t\t\t<div class=\"rtin-item\">\n\t\t\t\t<div class=\"media\">\n\t\t\t\t\t\t\t\t\t\t<div class=\"rtin-icon\">\n\t\t\t\t\t\t\t\t\t\t\t\t\t<span><i class=\"flaticon-clean\"><\/i><\/span>\n\t\t\t\t\t\t\t\t\t\t\t<\/div>\n\t\t\t\t\t\t\t\t\t\n\t\t\t\t\t<div class=\"media-body rtin-content\">\n\t\t\t\t\t\t<h3 class=\"rtin-title\"><a href=\"http:\/\/eu-tech.pl\/en\/service\/profesjonalne-czyszczenie-suchym-lodem\/\">Professional dry ice cleaning<\/a><\/h3>\n\t\t\t\t\t\t\t\t\t\t\t\t<p>An innovative and environmentally friendly method of removing dirt that does not require the use of chemicals, eliminates secondary waste and does not damage the cleaned surfaces.<\/p>\n\t\t\t\t\t\t\t\t\t\t\t<\/div>\n\t\t\t\t<\/div>\n\t\t\t<\/div>\n\t\t<\/div>\n\t\t\t\t<div class=\"col-lg-4 col-md-6 col-sm-6 col-xs-12 rt-grid-item\">\n\t\t\t<div class=\"rtin-item\">\n\t\t\t\t<div class=\"media\">\n\t\t\t\t\t\t\t\t\t\t<div class=\"rtin-icon\">\n\t\t\t\t\t\t\t\t\t\t\t\t\t<span><i class=\"flaticon-clean-3\"><\/i><\/span>\n\t\t\t\t\t\t\t\t\t\t\t<\/div>\n\t\t\t\t\t\t\t\t\t\n\t\t\t\t\t<div class=\"media-body rtin-content\">\n\t\t\t\t\t\t<h3 class=\"rtin-title\"><a href=\"http:\/\/eu-tech.pl\/en\/service\/renowacja-maszyn-oraz-urzadzen\/\">Renovation of machinery and equipment<\/a><\/h3>\n\t\t\t\t\t\t\t\t\t\t\t\t<p>Cleaning of industrial machines, injection molds or also conveyor belts, which increases their efficiency and life.<\/p>\n\t\t\t\t\t\t\t\t\t\t\t<\/div>\n\t\t\t\t<\/div>\n\t\t\t<\/div>\n\t\t<\/div>\n\t\t\t\t<div class=\"col-lg-4 col-md-6 col-sm-6 col-xs-12 rt-grid-item\">\n\t\t\t<div class=\"rtin-item\">\n\t\t\t\t<div class=\"media\">\n\t\t\t\t\t\t\t\t\t\t<div class=\"rtin-icon\">\n\t\t\t\t\t\t\t\t\t\t\t\t\t<span><i class=\"flaticon-vacuum\"><\/i><\/span>\n\t\t\t\t\t\t\t\t\t\t\t<\/div>\n\t\t\t\t\t\t\t\t\t\n\t\t\t\t\t<div class=\"media-body rtin-content\">\n\t\t\t\t\t\t<h3 class=\"rtin-title\"><a href=\"http:\/\/eu-tech.pl\/en\/service\/kompleksowy-detailing-samochodowy\/\">Comprehensive car detailing<\/a><\/h3>\n\t\t\t\t\t\t\t\t\t\t\t\t<p>Thorough cleaning and restoration of vehicles that restores their luster and freshness, with attention to every detail, even the smallest.<\/p>\n\t\t\t\t\t\t\t\t\t\t\t<\/div>\n\t\t\t\t<\/div>\n\t\t\t<\/div>\n\t\t<\/div>\n\t\t\t\t<div class=\"col-lg-4 col-md-6 col-sm-6 col-xs-12 rt-grid-item\">\n\t\t\t<div class=\"rtin-item\">\n\t\t\t\t<div class=\"media\">\n\t\t\t\t\t\t\t\t\t\t<div class=\"rtin-icon\">\n\t\t\t\t\t\t\t\t\t\t\t\t\t<span><i class=\"flaticon-shower\"><\/i><\/span>\n\t\t\t\t\t\t\t\t\t\t\t<\/div>\n\t\t\t\t\t\t\t\t\t\n\t\t\t\t\t<div class=\"media-body rtin-content\">\n\t\t\t\t\t\t<h3 class=\"rtin-title\"><a href=\"http:\/\/eu-tech.pl\/en\/service\/usuwanie-graffiti-i-trudnych-zabrudzen\/\">Removal of graffiti and difficult stains<\/a><\/h3>\n\t\t\t\t\t\t\t\t\t\t\t\t<p>Effective solutions for removing paint, adhesives and other tough contaminants without damaging any surface.<\/p>\n\t\t\t\t\t\t\t\t\t\t\t<\/div>\n\t\t\t\t<\/div>\n\t\t\t<\/div>\n\t\t<\/div>\n\t\t\t\t<div class=\"col-lg-4 col-md-6 col-sm-6 col-xs-12 rt-grid-item\">\n\t\t\t<div class=\"rtin-item\">\n\t\t\t\t<div class=\"media\">\n\t\t\t\t\t\t\t\t\t\t<div class=\"rtin-icon\">\n\t\t\t\t\t\t\t\t\t\t\t\t\t<span><i class=\"flaticon-clean-2\"><\/i><\/span>\n\t\t\t\t\t\t\t\t\t\t\t<\/div>\n\t\t\t\t\t\t\t\t\t\n\t\t\t\t\t<div class=\"media-body rtin-content\">\n\t\t\t\t\t\t<h3 class=\"rtin-title\"><a href=\"http:\/\/eu-tech.pl\/en\/service\/przemysl-spozywczy-i-medyczny\/\">Food and medical industry<\/a><\/h3>\n\t\t\t\t\t\t\t\t\t\t\t\t<p>Specialized cleaning services for the food and medical device industry, ensuring the highest standards of safety and hygiene.<\/p>\n\t\t\t\t\t\t\t\t\t\t\t<\/div>\n\t\t\t\t<\/div>\n\t\t\t<\/div>\n\t\t<\/div>\n\t\t\t\t<div class=\"col-lg-4 col-md-6 col-sm-6 col-xs-12 rt-grid-item\">\n\t\t\t<div class=\"rtin-item\">\n\t\t\t\t<div class=\"media\">\n\t\t\t\t\t\t\t\t\t\t<div class=\"rtin-icon\">\n\t\t\t\t\t\t\t\t\t\t\t\t\t<span><i class=\"flaticon-dishwasher\"><\/i><\/span>\n\t\t\t\t\t\t\t\t\t\t\t<\/div>\n\t\t\t\t\t\t\t\t\t\n\t\t\t\t\t<div class=\"media-body rtin-content\">\n\t\t\t\t\t\t<h3 class=\"rtin-title\"><a href=\"http:\/\/eu-tech.pl\/en\/service\/usuwanie-skutkow-ognia-i-plesni\/\">Fire and mold remediation<\/a><\/h3>\n\t\t\t\t\t\t\t\t\t\t\t\t<p>Comprehensive cleaning and restoration of surfaces after fires and mold removal, restoring rooms to safety and cleanliness.<\/p>\n\t\t\t\t\t\t\t\t\t\t\t<\/div>\n\t\t\t\t<\/div>\n\t\t\t<\/div>\n\t\t<\/div>\n\t\t\t\t<\/div>\n\t\t\t\t\t\t\t\t<\/div>\t\t\t\t<\/div>\n\t\t\t\t<\/div>\n\t\t\t\t\t<\/div>\n\t\t<\/div>\n\t\t\t\t\t<\/div>\n\t\t<\/section>\n\t\t\t\t<section class=\"elementor-section elementor-top-section elementor-element elementor-element-a80f54c elementor-section-stretched elementor-section-boxed elementor-section-height-default elementor-section-height-default elementor-invisible\" data-id=\"a80f54c\" data-element_type=\"section\" data-settings=\"{&quot;stretch_section&quot;:&quot;section-stretched&quot;,&quot;background_background&quot;:&quot;classic&quot;,&quot;animation&quot;:&quot;fadeIn&quot;}\">\n\t\t\t\t\t\t\t<div class=\"elementor-background-overlay\"><\/div>\n\t\t\t\t\t\t\t<div class=\"elementor-container elementor-column-gap-default\">\n\t\t\t\t\t<div class=\"elementor-column elementor-col-100 elementor-top-column elementor-element elementor-element-b249998\" data-id=\"b249998\" data-element_type=\"column\" data-settings=\"{&quot;background_background&quot;:&quot;classic&quot;}\">\n\t\t\t<div class=\"elementor-widget-wrap elementor-element-populated\">\n\t\t\t\t\t\t<div class=\"elementor-element elementor-element-92b1551 elementor-widget elementor-widget-rt-text-with-button\" data-id=\"92b1551\" data-element_type=\"widget\" data-widget_type=\"rt-text-with-button.default\">\n\t\t\t\t<div class=\"elementor-widget-container\">\n\t\t\t\t\t<div class=\"title-text-button center barhide text-style1\">\n\t\t\t\t<h2 class=\"rtin-title\" style=\" color: #ffffff;\">Take advantage of our offer now!<\/h2>\n\t\t\t\t\t\t<div class=\"rtin-content\" style=\"\"><\/div>\n\t\t\t\t\t\t<div class=\"rtin-button\"><a class=\"clenix-button-2\" href=\"\/en\/kontakt\/\">Make an appointment<\/a><\/div>\n\t\t\t<\/div>\t\t\t\t<\/div>\n\t\t\t\t<\/div>\n\t\t\t\t\t<\/div>\n\t\t<\/div>\n\t\t\t\t\t<\/div>\n\t\t<\/section>\n\t\t\t\t<\/div>","protected":false},"excerpt":{"rendered":"<p>Profesjonalne czyszczenie suchym lodem Innowacyjna i ekologiczna metoda usuwania zabrudze\u0144, kt\u00f3ra nie wymaga u\u017cycia chemikali\u00f3w, eliminuje odpady wt\u00f3rne i nie niszczy czyszczonych powierzchni. Renowacja maszyn oraz urz\u0105dze\u0144 Czyszczenie maszyn przemys\u0142owych, form wtryskowych czy r\u00f3wnie\u017c ta\u015bm transportowych, kt\u00f3re zwi\u0119ksza ich wydajno\u015b\u0107 oraz \u017cywotno\u015b\u0107. Kompleksowy detailing samochodowy Dok\u0142adne czyszczenie i odnawianie pojazd\u00f3w, kt\u00f3re przywraca im blask oraz [&hellip;]<\/p>\n","protected":false},"author":1,"featured_media":0,"parent":0,"menu_order":0,"comment_status":"closed","ping_status":"closed","template":"","meta":{"footnotes":""},"class_list":["post-114","page","type-page","status-publish","hentry"],"yoast_head":"<!-- This site is optimized with the Yoast SEO plugin v27.0 - https:\/\/yoast.com\/product\/yoast-seo-wordpress\/ -->\n<title>Us\u0142ugi - Czyszczenie suchym lodem - Us\u0142ugi - Liderzy czysto\u015bci z do\u015bwiadczeniem<\/title>\n<meta name=\"robots\" content=\"index, follow, max-snippet:-1, max-image-preview:large, max-video-preview:-1\" \/>\n<link rel=\"canonical\" href=\"https:\/\/eu-tech.pl\/en\/uslugi\/\" \/>\n<meta property=\"og:locale\" content=\"en_US\" \/>\n<meta property=\"og:type\" content=\"article\" \/>\n<meta property=\"og:title\" content=\"Us\u0142ugi - Czyszczenie suchym lodem - Us\u0142ugi - Liderzy czysto\u015bci z do\u015bwiadczeniem\" \/>\n<meta property=\"og:description\" content=\"Profesjonalne czyszczenie suchym lodem Innowacyjna i ekologiczna metoda usuwania zabrudze\u0144, kt\u00f3ra nie wymaga u\u017cycia chemikali\u00f3w, eliminuje odpady wt\u00f3rne i nie niszczy czyszczonych powierzchni. Renowacja maszyn oraz urz\u0105dze\u0144 Czyszczenie maszyn przemys\u0142owych, form wtryskowych czy r\u00f3wnie\u017c ta\u015bm transportowych, kt\u00f3re zwi\u0119ksza ich wydajno\u015b\u0107 oraz \u017cywotno\u015b\u0107. Kompleksowy detailing samochodowy Dok\u0142adne czyszczenie i odnawianie pojazd\u00f3w, kt\u00f3re przywraca im blask oraz [&hellip;]\" \/>\n<meta property=\"og:url\" content=\"https:\/\/eu-tech.pl\/en\/uslugi\/\" \/>\n<meta property=\"og:site_name\" content=\"Czyszczenie suchym lodem - Us\u0142ugi - Liderzy czysto\u015bci z do\u015bwiadczeniem\" \/>\n<meta property=\"article:modified_time\" content=\"2025-10-15T11:39:28+00:00\" \/>\n<meta name=\"twitter:card\" content=\"summary_large_image\" \/>\n<meta name=\"twitter:label1\" content=\"Est. reading time\" \/>\n\t<meta name=\"twitter:data1\" content=\"1 minute\" \/>\n<script type=\"application\/ld+json\" class=\"yoast-schema-graph\">{\"@context\":\"https:\/\/schema.org\",\"@graph\":[{\"@type\":\"WebPage\",\"@id\":\"https:\/\/eu-tech.pl\/uslugi\/\",\"url\":\"https:\/\/eu-tech.pl\/uslugi\/\",\"name\":\"Us\u0142ugi - Czyszczenie suchym lodem - Us\u0142ugi - Liderzy czysto\u015bci z do\u015bwiadczeniem\",\"isPartOf\":{\"@id\":\"https:\/\/eu-tech.pl\/#website\"},\"datePublished\":\"2019-07-15T04:24:10+00:00\",\"dateModified\":\"2025-10-15T11:39:28+00:00\",\"breadcrumb\":{\"@id\":\"https:\/\/eu-tech.pl\/uslugi\/#breadcrumb\"},\"inLanguage\":\"en-US\",\"potentialAction\":[{\"@type\":\"ReadAction\",\"target\":[\"https:\/\/eu-tech.pl\/uslugi\/\"]}]},{\"@type\":\"BreadcrumbList\",\"@id\":\"https:\/\/eu-tech.pl\/uslugi\/#breadcrumb\",\"itemListElement\":[{\"@type\":\"ListItem\",\"position\":1,\"name\":\"Strona g\u0142\u00f3wna\",\"item\":\"https:\/\/eu-tech.pl\/\"},{\"@type\":\"ListItem\",\"position\":2,\"name\":\"Us\u0142ugi\"}]},{\"@type\":\"WebSite\",\"@id\":\"https:\/\/eu-tech.pl\/#website\",\"url\":\"https:\/\/eu-tech.pl\/\",\"name\":\"Czyszczenie suchym lodem - Us\u0142ugi - Liderzy czysto\u015bci z do\u015bwiadczeniem\",\"description\":\"Oferujemy szeroki zakres profesjonalnych us\u0142ug czyszczenia, dostosowanych do r\u00f3\u017cnych bran\u017c i wymaga\u0144. Dzi\u0119ki nowoczesnym technologiom, takim jak czyszczenie suchym lodem, zapewniamy skuteczno\u015b\u0107, bezpiecze\u0144stwo i trosk\u0119 o \u015brodowisko.\",\"potentialAction\":[{\"@type\":\"SearchAction\",\"target\":{\"@type\":\"EntryPoint\",\"urlTemplate\":\"https:\/\/eu-tech.pl\/?s={search_term_string}\"},\"query-input\":{\"@type\":\"PropertyValueSpecification\",\"valueRequired\":true,\"valueName\":\"search_term_string\"}}],\"inLanguage\":\"en-US\"}]}<\/script>\n<!-- \/ Yoast SEO plugin. -->","yoast_head_json":{"title":"Services - Dry ice cleaning - Services - Cleaning leaders with experience.","robots":{"index":"index","follow":"follow","max-snippet":"max-snippet:-1","max-image-preview":"max-image-preview:large","max-video-preview":"max-video-preview:-1"},"canonical":"https:\/\/eu-tech.pl\/en\/uslugi\/","og_locale":"en_US","og_type":"article","og_title":"Us\u0142ugi - Czyszczenie suchym lodem - Us\u0142ugi - Liderzy czysto\u015bci z do\u015bwiadczeniem","og_description":"Profesjonalne czyszczenie suchym lodem Innowacyjna i ekologiczna metoda usuwania zabrudze\u0144, kt\u00f3ra nie wymaga u\u017cycia chemikali\u00f3w, eliminuje odpady wt\u00f3rne i nie niszczy czyszczonych powierzchni. Renowacja maszyn oraz urz\u0105dze\u0144 Czyszczenie maszyn przemys\u0142owych, form wtryskowych czy r\u00f3wnie\u017c ta\u015bm transportowych, kt\u00f3re zwi\u0119ksza ich wydajno\u015b\u0107 oraz \u017cywotno\u015b\u0107. Kompleksowy detailing samochodowy Dok\u0142adne czyszczenie i odnawianie pojazd\u00f3w, kt\u00f3re przywraca im blask oraz [&hellip;]","og_url":"https:\/\/eu-tech.pl\/en\/uslugi\/","og_site_name":"Czyszczenie suchym lodem - Us\u0142ugi - Liderzy czysto\u015bci z do\u015bwiadczeniem","article_modified_time":"2025-10-15T11:39:28+00:00","twitter_card":"summary_large_image","twitter_misc":{"Est. reading time":"1 minute"},"schema":{"@context":"https:\/\/schema.org","@graph":[{"@type":"WebPage","@id":"https:\/\/eu-tech.pl\/uslugi\/","url":"https:\/\/eu-tech.pl\/uslugi\/","name":"Services - Dry ice cleaning - Services - Cleaning leaders with experience.","isPartOf":{"@id":"https:\/\/eu-tech.pl\/#website"},"datePublished":"2019-07-15T04:24:10+00:00","dateModified":"2025-10-15T11:39:28+00:00","breadcrumb":{"@id":"https:\/\/eu-tech.pl\/uslugi\/#breadcrumb"},"inLanguage":"en-US","potentialAction":[{"@type":"ReadAction","target":["https:\/\/eu-tech.pl\/uslugi\/"]}]},{"@type":"BreadcrumbList","@id":"https:\/\/eu-tech.pl\/uslugi\/#breadcrumb","itemListElement":[{"@type":"ListItem","position":1,"name":"Strona g\u0142\u00f3wna","item":"https:\/\/eu-tech.pl\/"},{"@type":"ListItem","position":2,"name":"Us\u0142ugi"}]},{"@type":"WebSite","@id":"https:\/\/eu-tech.pl\/#website","url":"https:\/\/eu-tech.pl\/","name":"Dry ice cleaning - Services - Cleanliness leaders with experience.","description":"We offer a wide range of professional cleaning services tailored to different industries and requirements. With modern technologies such as dry ice cleaning, we ensure efficiency, safety and environmental concerns.","potentialAction":[{"@type":"SearchAction","target":{"@type":"EntryPoint","urlTemplate":"https:\/\/eu-tech.pl\/?s={search_term_string}"},"query-input":{"@type":"PropertyValueSpecification","valueRequired":true,"valueName":"search_term_string"}}],"inLanguage":"en-US"}]}},"_links":{"self":[{"href":"http:\/\/eu-tech.pl\/en\/wp-json\/wp\/v2\/pages\/114","targetHints":{"allow":["GET"]}}],"collection":[{"href":"http:\/\/eu-tech.pl\/en\/wp-json\/wp\/v2\/pages"}],"about":[{"href":"http:\/\/eu-tech.pl\/en\/wp-json\/wp\/v2\/types\/page"}],"author":[{"embeddable":true,"href":"http:\/\/eu-tech.pl\/en\/wp-json\/wp\/v2\/users\/1"}],"replies":[{"embeddable":true,"href":"http:\/\/eu-tech.pl\/en\/wp-json\/wp\/v2\/comments?post=114"}],"version-history":[{"count":29,"href":"http:\/\/eu-tech.pl\/en\/wp-json\/wp\/v2\/pages\/114\/revisions"}],"predecessor-version":[{"id":4955,"href":"http:\/\/eu-tech.pl\/en\/wp-json\/wp\/v2\/pages\/114\/revisions\/4955"}],"wp:attachment":[{"href":"http:\/\/eu-tech.pl\/en\/wp-json\/wp\/v2\/media?parent=114"}],"curies":[{"name":"wp","href":"https:\/\/api.w.org\/{rel}","templated":true}]}}