{"id":30,"date":"2019-07-11T06:59:56","date_gmt":"2019-07-11T06:59:56","guid":{"rendered":"https:\/\/eu-tech.pl\/about-us-copy\/"},"modified":"2025-09-11T06:47:28","modified_gmt":"2025-09-11T06:47:28","slug":"kontakt","status":"publish","type":"page","link":"http:\/\/eu-tech.pl\/en\/kontakt\/","title":{"rendered":"Contact"},"content":{"rendered":"\t\t<div data-elementor-type=\"wp-post\" data-elementor-id=\"30\" class=\"elementor elementor-30\">\n\t\t\t\t\t\t<section class=\"elementor-section elementor-top-section elementor-element elementor-element-335cae8 elementor-section-stretched elementor-section-boxed elementor-section-height-default elementor-section-height-default\" data-id=\"335cae8\" data-element_type=\"section\" data-settings=\"{&quot;stretch_section&quot;:&quot;section-stretched&quot;}\">\n\t\t\t\t\t\t<div class=\"elementor-container elementor-column-gap-default\">\n\t\t\t\t\t<div class=\"elementor-column elementor-col-50 elementor-top-column elementor-element elementor-element-b2216fc\" data-id=\"b2216fc\" data-element_type=\"column\">\n\t\t\t<div class=\"elementor-widget-wrap elementor-element-populated\">\n\t\t\t\t\t\t<div class=\"elementor-element elementor-element-819e28d elementor-widget elementor-widget-google_maps\" data-id=\"819e28d\" data-element_type=\"widget\" data-widget_type=\"google_maps.default\">\n\t\t\t\t<div class=\"elementor-widget-container\">\n\t\t\t\t\t\t\t<div class=\"elementor-custom-embed\">\n\t\t\t<iframe loading=\"lazy\"\n\t\t\t\t\tsrc=\"https:\/\/maps.google.com\/maps?q=%C5%BBywiec%20%2C%20Bielsko%20Bia%C5%82a%20%20woj.%20%C5%9Al%C4%85skie%20%2034-300&#038;t=m&#038;z=9&#038;output=embed&#038;iwloc=near\"\n\t\t\t\t\ttitle=\"\u017bywiec , Bielsko Bia\u0142a  woj. \u015al\u0105skie  34-300\"\n\t\t\t\t\taria-label=\"\u017bywiec , Bielsko Bia\u0142a  woj. \u015al\u0105skie  34-300\"\n\t\t\t><\/iframe>\n\t\t<\/div>\n\t\t\t\t\t\t<\/div>\n\t\t\t\t<\/div>\n\t\t\t\t<div class=\"elementor-element elementor-element-fe1add2 elementor-widget elementor-widget-rt-contact-address\" data-id=\"fe1add2\" data-element_type=\"widget\" data-widget_type=\"rt-contact-address.default\">\n\t\t\t\t<div class=\"elementor-widget-container\">\n\t\t\t\t\t\n<div class=\"rtin-address-default light\">\n\t<div class=\"rtin-address-info\">\n\t\t\t\t\t\t\t<div class=\"rtin-address\">\n\t\t\t\t\t\t\t\t\t<div class=\"rtin-item\">\n\t\t\t\t\t\t\t\t\t\t<div class=\"rtin-icon\"><i class=\"flaticon-call-answer\"><\/i><\/div>\n\t\t\t\t\t<div class=\"rtin-info\"><h3>Telefon:<\/h3><a href=\"tel:+48 787 187 254\">+48 787 187 254<\/a><\/div>\n\t\t\t\t\t\t\t\t\t\t<\/div>\n\t\t\t\t\t\t\t\t\t<div class=\"rtin-item\">\n\t\t\t\t\t\t\t\t\t\t<div class=\"rtin-icon\"><i class=\"flaticon-message\"><\/i><\/div>\n\t\t\t\t\t<div class=\"rtin-info\"><h3>E-mail:<\/h3><a href=\"mailto:biuro@eu-tech.pl\">biuro@eu-tech.pl<\/a><\/div>\n\t\t\t\t\t\t\t\t\t\t<\/div>\n\t\t\t\t\t\t\t\t\t<div class=\"rtin-item\">\n\t\t\t\t\t\t\t\t\t\t<div class=\"rtin-icon\"><i class=\"flaticon-maps-and-flags\"><\/i><\/div>\n\t\t\t\t\t<div class=\"rtin-info\"><h3>Lokalizacja serwisu mobilnego:<\/h3>\u017bywiec , Bielsko Bia\u0142a\nwoj. \u015al\u0105skie\n34-300\nPolska<\/div>\n\t\t\t\t\t\t\t\t\t\t<\/div>\n\t\t\t\t\t\t\t<\/div>\n\t\t\t<\/div>\n<\/div>\t\t\t\t<\/div>\n\t\t\t\t<\/div>\n\t\t\t\t\t<\/div>\n\t\t<\/div>\n\t\t\t\t<div class=\"elementor-column elementor-col-50 elementor-top-column elementor-element elementor-element-c5ca93e\" data-id=\"c5ca93e\" data-element_type=\"column\">\n\t\t\t<div class=\"elementor-widget-wrap elementor-element-populated\">\n\t\t\t\t\t\t<div class=\"elementor-element elementor-element-1d60cad elementor-widget elementor-widget-rt-title\" data-id=\"1d60cad\" data-element_type=\"widget\" data-widget_type=\"rt-title.default\">\n\t\t\t\t<div class=\"elementor-widget-container\">\n\t\t\t\t\t<div class=\"sec-title style4\">\n\t<div class=\"sec-title-holder\">\n\t\t<h2 class=\"rtin-title\">Masz wi\u0119cej pyta\u0144? Napisz!<\/h2>\n\t<\/div>\n<\/div>\n\t\t\t\t<\/div>\n\t\t\t\t<\/div>\n\t\t\t\t<div class=\"elementor-element elementor-element-41aa8b6 elementor-widget elementor-widget-shortcode\" data-id=\"41aa8b6\" data-element_type=\"widget\" data-widget_type=\"shortcode.default\">\n\t\t\t\t<div class=\"elementor-widget-container\">\n\t\t\t\t\t\t\t<div class=\"elementor-shortcode\"><div class='fluentform ff-default fluentform_wrapper_1 ffs_default_wrap'><form data-form_id=\"1\" id=\"fluentform_1\" class=\"frm-fluent-form fluent_form_1 ff-el-form-top ff_form_instance_1_1 ff-form-loading ffs_default\" data-form_instance=\"ff_form_instance_1_1\" method=\"POST\" ><fieldset  style=\"border: none!important;margin: 0!important;padding: 0!important;background-color: transparent!important;box-shadow: none!important;outline: none!important; min-inline-size: 100%;\">\n                    <legend class=\"ff_screen_reader_title\" style=\"display: block; margin: 0!important;padding: 0!important;height: 0!important;text-indent: -999999px;width: 0!important;overflow:hidden;\">Contact Form<\/legend><input type='hidden' name='__fluent_form_embded_post_id' value='30' \/><input type=\"hidden\" id=\"_fluentform_1_fluentformnonce\" name=\"_fluentform_1_fluentformnonce\" value=\"7864f6b9cb\" \/><input type=\"hidden\" name=\"_wp_http_referer\" value=\"\/en\/wp-json\/wp\/v2\/pages\/30\" \/><div data-type=\"name-element\" data-name=\"names\" class=\" ff-field_container ff-name-field-wrapper contact-form\" ><div class='ff-t-container'><div class='ff-t-cell '><div class='ff-el-group  ff-el-form-hide_label'><div class=\"ff-el-input--label ff-el-is-required asterisk-right\"><label for='ff_1_names_first_name_' id='label_ff_1_names_first_name_' >Imi\u0119<\/label><\/div><div class='ff-el-input--content'><input type=\"text\" name=\"names[first_name]\" id=\"ff_1_names_first_name_\" class=\"ff-el-form-control\" placeholder=\"Imi\u0119*\" aria-invalid=\"false\" aria-required=true><\/div><\/div><\/div><\/div><\/div><div class='ff-el-group ff-el-form-hide_label contact-form'><div class=\"ff-el-input--label ff-el-is-required asterisk-right\"><label for='ff_1_email' id='label_ff_1_email' aria-label=\"Adres e-mail\">Adres e-mail<\/label><\/div><div class='ff-el-input--content'><input type=\"email\" name=\"email\" id=\"ff_1_email\" class=\"ff-el-form-control\" placeholder=\"Adres e-mail*\" data-name=\"email\"  aria-invalid=\"false\" aria-required=true><\/div><\/div><div class='ff-el-group ff-el-form-hide_label contact-form'><div class=\"ff-el-input--label ff-el-is-required asterisk-right\"><label for='ff_1_subject' id='label_ff_1_subject' aria-label=\"Telefon\">Telefon<\/label><\/div><div class='ff-el-input--content'><input type=\"text\" name=\"subject\" class=\"ff-el-form-control\" placeholder=\"Telefon*\" data-name=\"subject\" id=\"ff_1_subject\"  aria-invalid=\"false\" aria-required=true><\/div><\/div><div class='ff-el-group ff-el-form-hide_label contact-form'><div class=\"ff-el-input--label ff-el-is-required asterisk-right\"><label for='ff_1_subject_1' id='label_ff_1_subject_1' aria-label=\"Temat\">Temat<\/label><\/div><div class='ff-el-input--content'><input type=\"text\" name=\"subject_1\" class=\"ff-el-form-control\" placeholder=\"Temat*\" data-name=\"subject_1\" id=\"ff_1_subject_1\"  aria-invalid=\"false\" aria-required=true><\/div><\/div><div class='ff-el-group ff-el-form-hide_label contact-form'><div class=\"ff-el-input--label asterisk-right\"><label for='ff_1_message' id='label_ff_1_message' aria-label=\"Wiadomo\u015b\u0107\">Wiadomo\u015b\u0107<\/label><\/div><div class='ff-el-input--content'><textarea aria-required=\"false\" aria-labelledby=\"label_ff_1_message\" name=\"message\" id=\"ff_1_message\" class=\"ff-el-form-control\" placeholder=\"Wiadomo\u015b\u0107\" rows=\"4\" cols=\"3\" data-name=\"message\" ><\/textarea><\/div><\/div><div class='ff-el-group ' ><div class='ff-el-input--content'><div data-fluent_id='1' name='g-recaptcha-response'><div\n\t\tdata-sitekey='6LeNw6wsAAAAAMAInmmVOtoMIVyVyipSELziB2ud'\n\t\tid='fluentform-recaptcha-1-1'\n\t\tclass='ff-el-recaptcha g-recaptcha'\n\t\tdata-callback='fluentFormrecaptchaSuccessCallback'><\/div><\/div><\/div><\/div><div class='ff-el-group ff-text-left contact-form ff_submit_btn_wrapper'><button type=\"submit\" class=\"ff-btn ff-btn-submit ff-btn-md ff_btn_style\"  aria-label=\"Wy\u015blij\">Wy\u015blij<\/button><\/div><\/fieldset><\/form><div id='fluentform_1_errors' class='ff-errors-in-stack ff_form_instance_1_1 ff-form-loading_errors ff_form_instance_1_1_errors'><\/div><\/div>            <script type=\"text\/javascript\">\n                window.fluent_form_ff_form_instance_1_1 = {\"id\":\"1\",\"settings\":{\"layout\":{\"labelPlacement\":\"top\",\"helpMessagePlacement\":\"with_label\",\"errorMessagePlacement\":\"inline\",\"asteriskPlacement\":\"asterisk-right\"},\"id\":\"39\",\"restrictions\":{\"denyEmptySubmission\":{\"enabled\":false}}},\"form_instance\":\"ff_form_instance_1_1\",\"form_id_selector\":\"fluentform_1\",\"rules\":{\"names[first_name]\":{\"required\":{\"value\":true,\"message\":\"This field is required\",\"global\":false,\"global_message\":\"To pole jest wymagane\"}},\"names[middle_name]\":{\"required\":{\"value\":false,\"message\":\"This field is required\",\"global\":false,\"global_message\":\"To pole jest wymagane\"}},\"names[last_name]\":{\"required\":{\"value\":false,\"message\":\"This field is required\",\"global\":false,\"global_message\":\"To pole jest wymagane\"}},\"email\":{\"required\":{\"value\":true,\"message\":\"This field is required\",\"global\":false,\"global_message\":\"To pole jest wymagane\"},\"email\":{\"value\":true,\"message\":\"This field must contain a valid email\",\"global\":false,\"global_message\":\"This field must contain a valid email\"}},\"subject\":{\"required\":{\"value\":true,\"message\":\"This field is required\",\"global\":false,\"global_message\":\"To pole jest wymagane\"}},\"subject_1\":{\"required\":{\"value\":true,\"message\":\"This field is required\",\"global\":false,\"global_message\":\"To pole jest wymagane\"}},\"message\":{\"required\":{\"value\":false,\"message\":\"This field is required\",\"global\":false,\"global_message\":\"To pole jest wymagane\"}},\"g-recaptcha-response\":[]},\"debounce_time\":300};\n                            <\/script>\n            <\/div>\n\t\t\t\t\t\t<\/div>\n\t\t\t\t<\/div>\n\t\t\t\t\t<\/div>\n\t\t<\/div>\n\t\t\t\t\t<\/div>\n\t\t<\/section>\n\t\t\t\t<\/div>\n\t\t","protected":false},"excerpt":{"rendered":"<p>Telefon: +48 787 187 254 E-mail: biuro@eu-tech.pl Lokalizacja serwisu mobilnego: \u017bywiec , Bielsko Bia\u0142a woj. \u015al\u0105skie 34-300 Polska Masz wi\u0119cej pyta\u0144? Napisz!<\/p>","protected":false},"author":1,"featured_media":0,"parent":0,"menu_order":0,"comment_status":"closed","ping_status":"closed","template":"","meta":{"footnotes":""},"class_list":["post-30","page","type-page","status-publish","hentry"],"yoast_head":"<!-- This site is optimized with the Yoast SEO plugin v27.0 - https:\/\/yoast.com\/product\/yoast-seo-wordpress\/ -->\n<title>Kontakt - Czyszczenie suchym lodem - Us\u0142ugi - Liderzy czysto\u015bci z do\u015bwiadczeniem<\/title>\n<meta name=\"robots\" content=\"index, follow, max-snippet:-1, max-image-preview:large, max-video-preview:-1\" \/>\n<link rel=\"canonical\" href=\"https:\/\/eu-tech.pl\/en\/kontakt\/\" \/>\n<meta property=\"og:locale\" content=\"en_US\" \/>\n<meta property=\"og:type\" content=\"article\" \/>\n<meta property=\"og:title\" content=\"Kontakt - Czyszczenie suchym lodem - Us\u0142ugi - Liderzy czysto\u015bci z do\u015bwiadczeniem\" \/>\n<meta property=\"og:description\" content=\"Telefon: +48 787 187 254 E-mail: biuro@eu-tech.pl Lokalizacja serwisu mobilnego: \u017bywiec , Bielsko Bia\u0142a woj. \u015al\u0105skie 34-300 Polska Masz wi\u0119cej pyta\u0144? Napisz!\" \/>\n<meta property=\"og:url\" content=\"https:\/\/eu-tech.pl\/en\/kontakt\/\" \/>\n<meta property=\"og:site_name\" content=\"Czyszczenie suchym lodem - Us\u0142ugi - Liderzy czysto\u015bci z do\u015bwiadczeniem\" \/>\n<meta property=\"article:modified_time\" content=\"2025-09-11T06:47:28+00:00\" \/>\n<meta name=\"twitter:card\" content=\"summary_large_image\" \/>\n<meta name=\"twitter:label1\" content=\"Est. reading time\" \/>\n\t<meta name=\"twitter:data1\" content=\"1 minute\" \/>\n<script type=\"application\/ld+json\" class=\"yoast-schema-graph\">{\"@context\":\"https:\/\/schema.org\",\"@graph\":[{\"@type\":\"WebPage\",\"@id\":\"https:\/\/eu-tech.pl\/kontakt\/\",\"url\":\"https:\/\/eu-tech.pl\/kontakt\/\",\"name\":\"Kontakt - Czyszczenie suchym lodem - Us\u0142ugi - Liderzy czysto\u015bci z do\u015bwiadczeniem\",\"isPartOf\":{\"@id\":\"https:\/\/eu-tech.pl\/#website\"},\"datePublished\":\"2019-07-11T06:59:56+00:00\",\"dateModified\":\"2025-09-11T06:47:28+00:00\",\"breadcrumb\":{\"@id\":\"https:\/\/eu-tech.pl\/kontakt\/#breadcrumb\"},\"inLanguage\":\"en-US\",\"potentialAction\":[{\"@type\":\"ReadAction\",\"target\":[\"https:\/\/eu-tech.pl\/kontakt\/\"]}]},{\"@type\":\"BreadcrumbList\",\"@id\":\"https:\/\/eu-tech.pl\/kontakt\/#breadcrumb\",\"itemListElement\":[{\"@type\":\"ListItem\",\"position\":1,\"name\":\"Strona g\u0142\u00f3wna\",\"item\":\"https:\/\/eu-tech.pl\/\"},{\"@type\":\"ListItem\",\"position\":2,\"name\":\"Kontakt\"}]},{\"@type\":\"WebSite\",\"@id\":\"https:\/\/eu-tech.pl\/#website\",\"url\":\"https:\/\/eu-tech.pl\/\",\"name\":\"Czyszczenie suchym lodem - Us\u0142ugi - Liderzy czysto\u015bci z do\u015bwiadczeniem\",\"description\":\"Oferujemy szeroki zakres profesjonalnych us\u0142ug czyszczenia, dostosowanych do r\u00f3\u017cnych bran\u017c i wymaga\u0144. Dzi\u0119ki nowoczesnym technologiom, takim jak czyszczenie suchym lodem, zapewniamy skuteczno\u015b\u0107, bezpiecze\u0144stwo i trosk\u0119 o \u015brodowisko.\",\"potentialAction\":[{\"@type\":\"SearchAction\",\"target\":{\"@type\":\"EntryPoint\",\"urlTemplate\":\"https:\/\/eu-tech.pl\/?s={search_term_string}\"},\"query-input\":{\"@type\":\"PropertyValueSpecification\",\"valueRequired\":true,\"valueName\":\"search_term_string\"}}],\"inLanguage\":\"en-US\"}]}<\/script>\n<!-- \/ Yoast SEO plugin. -->","yoast_head_json":{"title":"Kontakt - Czyszczenie suchym lodem - Us\u0142ugi - Liderzy czysto\u015bci z do\u015bwiadczeniem","robots":{"index":"index","follow":"follow","max-snippet":"max-snippet:-1","max-image-preview":"max-image-preview:large","max-video-preview":"max-video-preview:-1"},"canonical":"https:\/\/eu-tech.pl\/en\/kontakt\/","og_locale":"en_US","og_type":"article","og_title":"Kontakt - Czyszczenie suchym lodem - Us\u0142ugi - Liderzy czysto\u015bci z do\u015bwiadczeniem","og_description":"Telefon: +48 787 187 254 E-mail: biuro@eu-tech.pl Lokalizacja serwisu mobilnego: \u017bywiec , Bielsko Bia\u0142a woj. \u015al\u0105skie 34-300 Polska Masz wi\u0119cej pyta\u0144? Napisz!","og_url":"https:\/\/eu-tech.pl\/en\/kontakt\/","og_site_name":"Czyszczenie suchym lodem - Us\u0142ugi - Liderzy czysto\u015bci z do\u015bwiadczeniem","article_modified_time":"2025-09-11T06:47:28+00:00","twitter_card":"summary_large_image","twitter_misc":{"Est. reading time":"1 minute"},"schema":{"@context":"https:\/\/schema.org","@graph":[{"@type":"WebPage","@id":"https:\/\/eu-tech.pl\/kontakt\/","url":"https:\/\/eu-tech.pl\/kontakt\/","name":"Kontakt - Czyszczenie suchym lodem - Us\u0142ugi - Liderzy czysto\u015bci z do\u015bwiadczeniem","isPartOf":{"@id":"https:\/\/eu-tech.pl\/#website"},"datePublished":"2019-07-11T06:59:56+00:00","dateModified":"2025-09-11T06:47:28+00:00","breadcrumb":{"@id":"https:\/\/eu-tech.pl\/kontakt\/#breadcrumb"},"inLanguage":"en-US","potentialAction":[{"@type":"ReadAction","target":["https:\/\/eu-tech.pl\/kontakt\/"]}]},{"@type":"BreadcrumbList","@id":"https:\/\/eu-tech.pl\/kontakt\/#breadcrumb","itemListElement":[{"@type":"ListItem","position":1,"name":"Strona g\u0142\u00f3wna","item":"https:\/\/eu-tech.pl\/"},{"@type":"ListItem","position":2,"name":"Kontakt"}]},{"@type":"WebSite","@id":"https:\/\/eu-tech.pl\/#website","url":"https:\/\/eu-tech.pl\/","name":"Dry ice cleaning - Services - Cleanliness leaders with experience.","description":"We offer a wide range of professional cleaning services tailored to different industries and requirements. With modern technologies such as dry ice cleaning, we ensure efficiency, safety and environmental concerns.","potentialAction":[{"@type":"SearchAction","target":{"@type":"EntryPoint","urlTemplate":"https:\/\/eu-tech.pl\/?s={search_term_string}"},"query-input":{"@type":"PropertyValueSpecification","valueRequired":true,"valueName":"search_term_string"}}],"inLanguage":"en-US"}]}},"_links":{"self":[{"href":"http:\/\/eu-tech.pl\/en\/wp-json\/wp\/v2\/pages\/30","targetHints":{"allow":["GET"]}}],"collection":[{"href":"http:\/\/eu-tech.pl\/en\/wp-json\/wp\/v2\/pages"}],"about":[{"href":"http:\/\/eu-tech.pl\/en\/wp-json\/wp\/v2\/types\/page"}],"author":[{"embeddable":true,"href":"http:\/\/eu-tech.pl\/en\/wp-json\/wp\/v2\/users\/1"}],"replies":[{"embeddable":true,"href":"http:\/\/eu-tech.pl\/en\/wp-json\/wp\/v2\/comments?post=30"}],"version-history":[{"count":10,"href":"http:\/\/eu-tech.pl\/en\/wp-json\/wp\/v2\/pages\/30\/revisions"}],"predecessor-version":[{"id":4625,"href":"http:\/\/eu-tech.pl\/en\/wp-json\/wp\/v2\/pages\/30\/revisions\/4625"}],"wp:attachment":[{"href":"http:\/\/eu-tech.pl\/en\/wp-json\/wp\/v2\/media?parent=30"}],"curies":[{"name":"wp","href":"https:\/\/api.w.org\/{rel}","templated":true}]}}