{"id":4593,"date":"2025-07-03T07:17:26","date_gmt":"2025-07-03T07:17:26","guid":{"rendered":"https:\/\/eu-tech.pl\/?page_id=4593"},"modified":"2025-07-28T12:53:32","modified_gmt":"2025-07-28T12:53:32","slug":"czyszczenie-suchym-lodem-katowice","status":"publish","type":"page","link":"https:\/\/eu-tech.pl\/en\/czyszczenie-suchym-lodem-katowice\/","title":{"rendered":"Dry ice cleaning Katowice"},"content":{"rendered":"<div data-elementor-type=\"wp-page\" data-elementor-id=\"4593\" class=\"elementor elementor-4593\">\n\t\t\t\t\t\t<section class=\"elementor-section elementor-top-section elementor-element elementor-element-a240197 elementor-section-stretched elementor-section-boxed elementor-section-height-default elementor-section-height-default\" data-id=\"a240197\" data-element_type=\"section\" data-settings=\"{&quot;stretch_section&quot;:&quot;section-stretched&quot;}\">\n\t\t\t\t\t\t<div class=\"elementor-container elementor-column-gap-default\">\n\t\t\t\t\t<div class=\"elementor-column elementor-col-100 elementor-top-column elementor-element elementor-element-a158413\" data-id=\"a158413\" data-element_type=\"column\">\n\t\t\t<div class=\"elementor-widget-wrap elementor-element-populated\">\n\t\t\t\t\t\t<div class=\"elementor-element elementor-element-df34c9b elementor-widget elementor-widget-rt-text-with-button\" data-id=\"df34c9b\" data-element_type=\"widget\" data-widget_type=\"rt-text-with-button.default\">\n\t\t\t\t<div class=\"elementor-widget-container\">\n\t\t\t\t\t<div class=\"title-text-button left barhide text-style1\">\n\t\t\t<div class=\"rtin-content\" style=\"\"><p>With our services <strong>dry ice cleaning<\/strong> Local entrepreneurs and individual customers from&nbsp;<strong>Katowic<\/strong> and surrounding areas can take advantage of one of the most modern methods of maintenance and cleaning. The technology effectively removes dirt without the use of water, chemicals or abrasives. Sublimating dry ice does not leave moisture behind, so it can be used in water-sensitive areas (electrical systems, engines, industrial machinery or vehicle undercarriages).<\/p>\n<p>Industrial companies, workshops, as well as owners of cars or antique cars can take advantage of our offer. <strong>Dry ice cleaning<\/strong> is perfect for removing difficult deposits, oils, paints, mold or dust from machine components, injection molds, electronic components, and body parts. Thanks to our mobile technical facilities, we are able to carry out orders directly at the customer's site, ensuring fast response time and minimizing downtime. We invite customers from&nbsp;<strong>Katowic<\/strong> and the whole of Silesia - we focus on precision, timeliness and full satisfaction with the results of our work.<\/p><\/div>\n\t<\/div>\t\t\t\t<\/div>\n\t\t\t\t<\/div>\n\t\t\t\t\t<\/div>\n\t\t<\/div>\n\t\t\t\t\t<\/div>\n\t\t<\/section>\n\t\t\t\t<\/div>","protected":false},"excerpt":{"rendered":"<p>Dzi\u0119ki naszym us\u0142ugom czyszczenia suchym lodem lokalni przedsi\u0119biorcy oraz Klienci indywidualni z&nbsp;Katowic i&nbsp;okolic mog\u0105 skorzysta\u0107 z&nbsp;jednej z&nbsp;najnowocze\u015bniejszych metod konserwacji i&nbsp;czyszczenia. Technologia ta&nbsp;pozwala na&nbsp;skuteczne usuwanie zabrudze\u0144 bez&nbsp;u\u017cycia wody, \u015brodk&oacute;w chemicznych czy&nbsp;\u015bciernych. Sublimuj\u0105cy suchy l&oacute;d nie&nbsp;pozostawia wilgoci, dzi\u0119ki czemu mo\u017ce by\u0107&nbsp;stosowany w&nbsp;miejscach wra\u017cliwych na&nbsp;kontakt z&nbsp;wod\u0105 (instalacje elektryczne, silniki, maszyny przemys\u0142owe czy&nbsp;podwozia pojazd&oacute;w). Z naszej oferty mog\u0105 skorzysta\u0107 [&hellip;]<\/p>\n","protected":false},"author":1,"featured_media":0,"parent":0,"menu_order":0,"comment_status":"closed","ping_status":"closed","template":"","meta":{"footnotes":""},"class_list":["post-4593","page","type-page","status-publish","hentry"],"yoast_head":"<!-- This site is optimized with the Yoast SEO plugin v27.0 - https:\/\/yoast.com\/product\/yoast-seo-wordpress\/ -->\n<title>Czyszczenie suchym lodem - Katowice | eu-tech.pl<\/title>\n<meta name=\"description\" content=\"Skuteczne czyszczenie suchym lodem w Katowicach. Usuwaj oleje, osady i farby bez ryzyka uszkodze\u0144. Mobilna obs\u0142uga i szybka realizacja u Klienta.\" \/>\n<meta name=\"robots\" content=\"index, follow, max-snippet:-1, max-image-preview:large, max-video-preview:-1\" \/>\n<link rel=\"canonical\" href=\"https:\/\/eu-tech.pl\/en\/czyszczenie-suchym-lodem-katowice\/\" \/>\n<meta property=\"og:locale\" content=\"en_US\" \/>\n<meta property=\"og:type\" content=\"article\" \/>\n<meta property=\"og:title\" content=\"Czyszczenie suchym lodem - Katowice | eu-tech.pl\" \/>\n<meta property=\"og:description\" content=\"Skuteczne czyszczenie suchym lodem w Katowicach. Usuwaj oleje, osady i farby bez ryzyka uszkodze\u0144. Mobilna obs\u0142uga i szybka realizacja u Klienta.\" \/>\n<meta property=\"og:url\" content=\"https:\/\/eu-tech.pl\/en\/czyszczenie-suchym-lodem-katowice\/\" \/>\n<meta property=\"og:site_name\" content=\"Czyszczenie suchym lodem - Us\u0142ugi - Liderzy czysto\u015bci z do\u015bwiadczeniem\" \/>\n<meta property=\"article:modified_time\" content=\"2025-07-28T12:53:32+00:00\" \/>\n<meta name=\"twitter:card\" content=\"summary_large_image\" \/>\n<meta name=\"twitter:label1\" content=\"Est. reading time\" \/>\n\t<meta name=\"twitter:data1\" content=\"1 minute\" \/>\n<script type=\"application\/ld+json\" class=\"yoast-schema-graph\">{\"@context\":\"https:\/\/schema.org\",\"@graph\":[{\"@type\":\"WebPage\",\"@id\":\"https:\/\/eu-tech.pl\/czyszczenie-suchym-lodem-katowice\/\",\"url\":\"https:\/\/eu-tech.pl\/czyszczenie-suchym-lodem-katowice\/\",\"name\":\"Czyszczenie suchym lodem - Katowice | eu-tech.pl\",\"isPartOf\":{\"@id\":\"https:\/\/eu-tech.pl\/#website\"},\"datePublished\":\"2025-07-03T07:17:26+00:00\",\"dateModified\":\"2025-07-28T12:53:32+00:00\",\"description\":\"Skuteczne czyszczenie suchym lodem w Katowicach. Usuwaj oleje, osady i farby bez ryzyka uszkodze\u0144. Mobilna obs\u0142uga i szybka realizacja u Klienta.\",\"breadcrumb\":{\"@id\":\"https:\/\/eu-tech.pl\/czyszczenie-suchym-lodem-katowice\/#breadcrumb\"},\"inLanguage\":\"en-US\",\"potentialAction\":[{\"@type\":\"ReadAction\",\"target\":[\"https:\/\/eu-tech.pl\/czyszczenie-suchym-lodem-katowice\/\"]}]},{\"@type\":\"BreadcrumbList\",\"@id\":\"https:\/\/eu-tech.pl\/czyszczenie-suchym-lodem-katowice\/#breadcrumb\",\"itemListElement\":[{\"@type\":\"ListItem\",\"position\":1,\"name\":\"Strona g\u0142\u00f3wna\",\"item\":\"https:\/\/eu-tech.pl\/\"},{\"@type\":\"ListItem\",\"position\":2,\"name\":\"Czyszczenie suchym lodem Katowice\"}]},{\"@type\":\"WebSite\",\"@id\":\"https:\/\/eu-tech.pl\/#website\",\"url\":\"https:\/\/eu-tech.pl\/\",\"name\":\"Czyszczenie suchym lodem - Us\u0142ugi - Liderzy czysto\u015bci z do\u015bwiadczeniem\",\"description\":\"Oferujemy szeroki zakres profesjonalnych us\u0142ug czyszczenia, dostosowanych do r\u00f3\u017cnych bran\u017c i wymaga\u0144. Dzi\u0119ki nowoczesnym technologiom, takim jak czyszczenie suchym lodem, zapewniamy skuteczno\u015b\u0107, bezpiecze\u0144stwo i trosk\u0119 o \u015brodowisko.\",\"potentialAction\":[{\"@type\":\"SearchAction\",\"target\":{\"@type\":\"EntryPoint\",\"urlTemplate\":\"https:\/\/eu-tech.pl\/?s={search_term_string}\"},\"query-input\":{\"@type\":\"PropertyValueSpecification\",\"valueRequired\":true,\"valueName\":\"search_term_string\"}}],\"inLanguage\":\"en-US\"}]}<\/script>\n<!-- \/ Yoast SEO plugin. -->","yoast_head_json":{"title":"Czyszczenie suchym lodem - Katowice | eu-tech.pl","description":"Skuteczne czyszczenie suchym lodem w Katowicach. Usuwaj oleje, osady i farby bez ryzyka uszkodze\u0144. Mobilna obs\u0142uga i szybka realizacja u Klienta.","robots":{"index":"index","follow":"follow","max-snippet":"max-snippet:-1","max-image-preview":"max-image-preview:large","max-video-preview":"max-video-preview:-1"},"canonical":"https:\/\/eu-tech.pl\/en\/czyszczenie-suchym-lodem-katowice\/","og_locale":"en_US","og_type":"article","og_title":"Czyszczenie suchym lodem - Katowice | eu-tech.pl","og_description":"Skuteczne czyszczenie suchym lodem w Katowicach. Usuwaj oleje, osady i farby bez ryzyka uszkodze\u0144. Mobilna obs\u0142uga i szybka realizacja u Klienta.","og_url":"https:\/\/eu-tech.pl\/en\/czyszczenie-suchym-lodem-katowice\/","og_site_name":"Czyszczenie suchym lodem - Us\u0142ugi - Liderzy czysto\u015bci z do\u015bwiadczeniem","article_modified_time":"2025-07-28T12:53:32+00:00","twitter_card":"summary_large_image","twitter_misc":{"Est. reading time":"1 minute"},"schema":{"@context":"https:\/\/schema.org","@graph":[{"@type":"WebPage","@id":"https:\/\/eu-tech.pl\/czyszczenie-suchym-lodem-katowice\/","url":"https:\/\/eu-tech.pl\/czyszczenie-suchym-lodem-katowice\/","name":"Czyszczenie suchym lodem - Katowice | eu-tech.pl","isPartOf":{"@id":"https:\/\/eu-tech.pl\/#website"},"datePublished":"2025-07-03T07:17:26+00:00","dateModified":"2025-07-28T12:53:32+00:00","description":"Skuteczne czyszczenie suchym lodem w Katowicach. Usuwaj oleje, osady i farby bez ryzyka uszkodze\u0144. Mobilna obs\u0142uga i szybka realizacja u Klienta.","breadcrumb":{"@id":"https:\/\/eu-tech.pl\/czyszczenie-suchym-lodem-katowice\/#breadcrumb"},"inLanguage":"en-US","potentialAction":[{"@type":"ReadAction","target":["https:\/\/eu-tech.pl\/czyszczenie-suchym-lodem-katowice\/"]}]},{"@type":"BreadcrumbList","@id":"https:\/\/eu-tech.pl\/czyszczenie-suchym-lodem-katowice\/#breadcrumb","itemListElement":[{"@type":"ListItem","position":1,"name":"Strona g\u0142\u00f3wna","item":"https:\/\/eu-tech.pl\/"},{"@type":"ListItem","position":2,"name":"Czyszczenie suchym lodem Katowice"}]},{"@type":"WebSite","@id":"https:\/\/eu-tech.pl\/#website","url":"https:\/\/eu-tech.pl\/","name":"Dry ice cleaning - Services - Cleanliness leaders with experience.","description":"We offer a wide range of professional cleaning services tailored to different industries and requirements. With modern technologies such as dry ice cleaning, we ensure efficiency, safety and environmental concerns.","potentialAction":[{"@type":"SearchAction","target":{"@type":"EntryPoint","urlTemplate":"https:\/\/eu-tech.pl\/?s={search_term_string}"},"query-input":{"@type":"PropertyValueSpecification","valueRequired":true,"valueName":"search_term_string"}}],"inLanguage":"en-US"}]}},"_links":{"self":[{"href":"https:\/\/eu-tech.pl\/en\/wp-json\/wp\/v2\/pages\/4593","targetHints":{"allow":["GET"]}}],"collection":[{"href":"https:\/\/eu-tech.pl\/en\/wp-json\/wp\/v2\/pages"}],"about":[{"href":"https:\/\/eu-tech.pl\/en\/wp-json\/wp\/v2\/types\/page"}],"author":[{"embeddable":true,"href":"https:\/\/eu-tech.pl\/en\/wp-json\/wp\/v2\/users\/1"}],"replies":[{"embeddable":true,"href":"https:\/\/eu-tech.pl\/en\/wp-json\/wp\/v2\/comments?post=4593"}],"version-history":[{"count":4,"href":"https:\/\/eu-tech.pl\/en\/wp-json\/wp\/v2\/pages\/4593\/revisions"}],"predecessor-version":[{"id":4597,"href":"https:\/\/eu-tech.pl\/en\/wp-json\/wp\/v2\/pages\/4593\/revisions\/4597"}],"wp:attachment":[{"href":"https:\/\/eu-tech.pl\/en\/wp-json\/wp\/v2\/media?parent=4593"}],"curies":[{"name":"wp","href":"https:\/\/api.w.org\/{rel}","templated":true}]}}