{"id":4613,"date":"2025-07-11T11:34:56","date_gmt":"2025-07-11T11:34:56","guid":{"rendered":"https:\/\/eu-tech.pl\/?page_id=4613"},"modified":"2025-07-28T12:48:51","modified_gmt":"2025-07-28T12:48:51","slug":"detailing-samochodowy-bielsko-biala","status":"publish","type":"page","link":"https:\/\/eu-tech.pl\/en\/detailing-samochodowy-bielsko-biala\/","title":{"rendered":"Auto detailing: Bielsko-Biala"},"content":{"rendered":"<div data-elementor-type=\"wp-page\" data-elementor-id=\"4613\" class=\"elementor elementor-4613\">\n\t\t\t\t\t\t<section class=\"elementor-section elementor-top-section elementor-element elementor-element-9211c3a elementor-section-stretched elementor-section-boxed elementor-section-height-default elementor-section-height-default\" data-id=\"9211c3a\" data-element_type=\"section\" data-settings=\"{&quot;stretch_section&quot;:&quot;section-stretched&quot;}\">\n\t\t\t\t\t\t<div class=\"elementor-container elementor-column-gap-default\">\n\t\t\t\t\t<div class=\"elementor-column elementor-col-100 elementor-top-column elementor-element elementor-element-d99a041\" data-id=\"d99a041\" data-element_type=\"column\">\n\t\t\t<div class=\"elementor-widget-wrap elementor-element-populated\">\n\t\t\t\t\t\t<div class=\"elementor-element elementor-element-ceee4f0 elementor-widget elementor-widget-rt-text-with-button\" data-id=\"ceee4f0\" data-element_type=\"widget\" data-widget_type=\"rt-text-with-button.default\">\n\t\t\t\t<div class=\"elementor-widget-container\">\n\t\t\t\t\t<div class=\"title-text-button left barhide text-style1\">\n\t\t\t<div class=\"rtin-content\" style=\"\"><p>Daily use of your car means that even if you take good care of it, it can start to lose its original charm - the paint stops shining, the interior gets dusty, and the details you once enjoyed now become less pronounced. If you want your vehicle to look like new, rely on a professional\u00a0<strong>auto detailing<\/strong> At our service center in Zywiec. We offer thorough cleaning, restoration and protection of your vehicle, both inside and out. Through careful work, advanced techniques and high-quality car cosmetics, we are able to refresh every part of your car from the paint to the upholstery. With us, your car will regain a depth of color, cleanliness and freshness you haven't seen in a long time.<\/p>\n\n<h2>Experience, accuracy of operation, professional service<\/h2>\n<p>For more than 17 years we have been supporting clients from all over Podbeskidzie and the surrounding areas, offering professional dry ice cleaning services. Our experience is the result of years of work, continuous improvement and investment in modern technology. We specialize in a method that allows to thoroughly remove dirt without the use of chemicals and water. Dry ice cleaning means speed, precision and no risk of damaging the elements. This technology not only effectively eliminates dirt, oil or deposits, but also takes care of the environment - it does not generate secondary waste, and the surface after the treatment is immediately ready for further use. We invite you to cooperate with us!<\/p><\/div>\n\t<\/div>\t\t\t\t<\/div>\n\t\t\t\t<\/div>\n\t\t\t\t\t<\/div>\n\t\t<\/div>\n\t\t\t\t\t<\/div>\n\t\t<\/section>\n\t\t\t\t<\/div>","protected":false},"excerpt":{"rendered":"<p>Codzienna eksploatacja samochodu powoduje, \u017ce&nbsp;nawet je\u015bli o&nbsp;nie&nbsp;zadbasz, mo\u017ce zacz\u0105\u0107 traci\u0107 sw\u00f3j pierwotny urok \u2013 lakier przestaje l\u015bni\u0107, wn\u0119trze si\u0119&nbsp;kurzy, a&nbsp;detale, kt\u00f3re kiedy\u015b cieszy\u0142y teraz staj\u0105 si\u0119&nbsp;mniej wyraziste. Je\u015bli zale\u017cy Ci&nbsp;na&nbsp;tym, by&nbsp;Tw\u00f3j pojazd wygl\u0105da\u0142 jak&nbsp;nowy, postaw na&nbsp;profesjonalny\u00a0auto\u00a0detailing w&nbsp;naszym serwisie w&nbsp;\u017bywcu. Oferujemy dok\u0142adne oczyszczanie, renowacje i&nbsp;ochron\u0119 pojazdu, zar\u00f3wno od&nbsp;\u015brodka, jak&nbsp;i&nbsp;z&nbsp;zewn\u0105trz. Dzi\u0119ki starannej pracy, zaawansowanym technikom i&nbsp;wysokiej jako\u015bci [&hellip;]<\/p>\n","protected":false},"author":1,"featured_media":0,"parent":0,"menu_order":0,"comment_status":"closed","ping_status":"closed","template":"","meta":{"footnotes":""},"class_list":["post-4613","page","type-page","status-publish","hentry"],"yoast_head":"<!-- This site is optimized with the Yoast SEO plugin v27.0 - https:\/\/yoast.com\/product\/yoast-seo-wordpress\/ -->\n<title>Auto Detailing - Bielsko-bia\u0142a | eu-tech.pl<\/title>\n<meta name=\"description\" content=\"Odkryj skuteczny auto detailing w Bielsku-Bia\u0142ej. Od\u015bwie\u017c lakier, zadbaj o tapicerk\u0119 i detale. Innowacyjne metody i wieloletnie do\u015bwiadczenie w piel\u0119gnacji aut.\" \/>\n<meta name=\"robots\" content=\"index, follow, max-snippet:-1, max-image-preview:large, max-video-preview:-1\" \/>\n<link rel=\"canonical\" href=\"https:\/\/eu-tech.pl\/en\/detailing-samochodowy-bielsko-biala\/\" \/>\n<meta property=\"og:locale\" content=\"en_US\" \/>\n<meta property=\"og:type\" content=\"article\" \/>\n<meta property=\"og:title\" content=\"Auto Detailing - Bielsko-bia\u0142a | eu-tech.pl\" \/>\n<meta property=\"og:description\" content=\"Odkryj skuteczny auto detailing w Bielsku-Bia\u0142ej. Od\u015bwie\u017c lakier, zadbaj o tapicerk\u0119 i detale. Innowacyjne metody i wieloletnie do\u015bwiadczenie w piel\u0119gnacji aut.\" \/>\n<meta property=\"og:url\" content=\"https:\/\/eu-tech.pl\/en\/detailing-samochodowy-bielsko-biala\/\" \/>\n<meta property=\"og:site_name\" content=\"Czyszczenie suchym lodem - Us\u0142ugi - Liderzy czysto\u015bci z do\u015bwiadczeniem\" \/>\n<meta property=\"article:modified_time\" content=\"2025-07-28T12:48:51+00:00\" \/>\n<meta name=\"twitter:card\" content=\"summary_large_image\" \/>\n<meta name=\"twitter:label1\" content=\"Est. reading time\" \/>\n\t<meta name=\"twitter:data1\" content=\"2 minutes\" \/>\n<script type=\"application\/ld+json\" class=\"yoast-schema-graph\">{\"@context\":\"https:\/\/schema.org\",\"@graph\":[{\"@type\":\"WebPage\",\"@id\":\"https:\/\/eu-tech.pl\/detailing-samochodowy-bielsko-biala\/\",\"url\":\"https:\/\/eu-tech.pl\/detailing-samochodowy-bielsko-biala\/\",\"name\":\"Auto Detailing - Bielsko-bia\u0142a | eu-tech.pl\",\"isPartOf\":{\"@id\":\"https:\/\/eu-tech.pl\/#website\"},\"datePublished\":\"2025-07-11T11:34:56+00:00\",\"dateModified\":\"2025-07-28T12:48:51+00:00\",\"description\":\"Odkryj skuteczny auto detailing w Bielsku-Bia\u0142ej. Od\u015bwie\u017c lakier, zadbaj o tapicerk\u0119 i detale. Innowacyjne metody i wieloletnie do\u015bwiadczenie w piel\u0119gnacji aut.\",\"breadcrumb\":{\"@id\":\"https:\/\/eu-tech.pl\/detailing-samochodowy-bielsko-biala\/#breadcrumb\"},\"inLanguage\":\"en-US\",\"potentialAction\":[{\"@type\":\"ReadAction\",\"target\":[\"https:\/\/eu-tech.pl\/detailing-samochodowy-bielsko-biala\/\"]}]},{\"@type\":\"BreadcrumbList\",\"@id\":\"https:\/\/eu-tech.pl\/detailing-samochodowy-bielsko-biala\/#breadcrumb\",\"itemListElement\":[{\"@type\":\"ListItem\",\"position\":1,\"name\":\"Strona g\u0142\u00f3wna\",\"item\":\"https:\/\/eu-tech.pl\/\"},{\"@type\":\"ListItem\",\"position\":2,\"name\":\"Auto detailing: Bielsko-Bia\u0142a\"}]},{\"@type\":\"WebSite\",\"@id\":\"https:\/\/eu-tech.pl\/#website\",\"url\":\"https:\/\/eu-tech.pl\/\",\"name\":\"Czyszczenie suchym lodem - Us\u0142ugi - Liderzy czysto\u015bci z do\u015bwiadczeniem\",\"description\":\"Oferujemy szeroki zakres profesjonalnych us\u0142ug czyszczenia, dostosowanych do r\u00f3\u017cnych bran\u017c i wymaga\u0144. Dzi\u0119ki nowoczesnym technologiom, takim jak czyszczenie suchym lodem, zapewniamy skuteczno\u015b\u0107, bezpiecze\u0144stwo i trosk\u0119 o \u015brodowisko.\",\"potentialAction\":[{\"@type\":\"SearchAction\",\"target\":{\"@type\":\"EntryPoint\",\"urlTemplate\":\"https:\/\/eu-tech.pl\/?s={search_term_string}\"},\"query-input\":{\"@type\":\"PropertyValueSpecification\",\"valueRequired\":true,\"valueName\":\"search_term_string\"}}],\"inLanguage\":\"en-US\"}]}<\/script>\n<!-- \/ Yoast SEO plugin. -->","yoast_head_json":{"title":"Auto Detailing - Bielsko-bia\u0142a | eu-tech.pl","description":"Odkryj skuteczny auto detailing w Bielsku-Bia\u0142ej. Od\u015bwie\u017c lakier, zadbaj o tapicerk\u0119 i detale. Innowacyjne metody i wieloletnie do\u015bwiadczenie w piel\u0119gnacji aut.","robots":{"index":"index","follow":"follow","max-snippet":"max-snippet:-1","max-image-preview":"max-image-preview:large","max-video-preview":"max-video-preview:-1"},"canonical":"https:\/\/eu-tech.pl\/en\/detailing-samochodowy-bielsko-biala\/","og_locale":"en_US","og_type":"article","og_title":"Auto Detailing - Bielsko-bia\u0142a | eu-tech.pl","og_description":"Odkryj skuteczny auto detailing w Bielsku-Bia\u0142ej. Od\u015bwie\u017c lakier, zadbaj o tapicerk\u0119 i detale. Innowacyjne metody i wieloletnie do\u015bwiadczenie w piel\u0119gnacji aut.","og_url":"https:\/\/eu-tech.pl\/en\/detailing-samochodowy-bielsko-biala\/","og_site_name":"Czyszczenie suchym lodem - Us\u0142ugi - Liderzy czysto\u015bci z do\u015bwiadczeniem","article_modified_time":"2025-07-28T12:48:51+00:00","twitter_card":"summary_large_image","twitter_misc":{"Est. reading time":"2 minutes"},"schema":{"@context":"https:\/\/schema.org","@graph":[{"@type":"WebPage","@id":"https:\/\/eu-tech.pl\/detailing-samochodowy-bielsko-biala\/","url":"https:\/\/eu-tech.pl\/detailing-samochodowy-bielsko-biala\/","name":"Auto Detailing - Bielsko-bia\u0142a | eu-tech.pl","isPartOf":{"@id":"https:\/\/eu-tech.pl\/#website"},"datePublished":"2025-07-11T11:34:56+00:00","dateModified":"2025-07-28T12:48:51+00:00","description":"Odkryj skuteczny auto detailing w Bielsku-Bia\u0142ej. Od\u015bwie\u017c lakier, zadbaj o tapicerk\u0119 i detale. Innowacyjne metody i wieloletnie do\u015bwiadczenie w piel\u0119gnacji aut.","breadcrumb":{"@id":"https:\/\/eu-tech.pl\/detailing-samochodowy-bielsko-biala\/#breadcrumb"},"inLanguage":"en-US","potentialAction":[{"@type":"ReadAction","target":["https:\/\/eu-tech.pl\/detailing-samochodowy-bielsko-biala\/"]}]},{"@type":"BreadcrumbList","@id":"https:\/\/eu-tech.pl\/detailing-samochodowy-bielsko-biala\/#breadcrumb","itemListElement":[{"@type":"ListItem","position":1,"name":"Strona g\u0142\u00f3wna","item":"https:\/\/eu-tech.pl\/"},{"@type":"ListItem","position":2,"name":"Auto detailing: Bielsko-Bia\u0142a"}]},{"@type":"WebSite","@id":"https:\/\/eu-tech.pl\/#website","url":"https:\/\/eu-tech.pl\/","name":"Dry ice cleaning - Services - Cleanliness leaders with experience.","description":"We offer a wide range of professional cleaning services tailored to different industries and requirements. With modern technologies such as dry ice cleaning, we ensure efficiency, safety and environmental concerns.","potentialAction":[{"@type":"SearchAction","target":{"@type":"EntryPoint","urlTemplate":"https:\/\/eu-tech.pl\/?s={search_term_string}"},"query-input":{"@type":"PropertyValueSpecification","valueRequired":true,"valueName":"search_term_string"}}],"inLanguage":"en-US"}]}},"_links":{"self":[{"href":"https:\/\/eu-tech.pl\/en\/wp-json\/wp\/v2\/pages\/4613","targetHints":{"allow":["GET"]}}],"collection":[{"href":"https:\/\/eu-tech.pl\/en\/wp-json\/wp\/v2\/pages"}],"about":[{"href":"https:\/\/eu-tech.pl\/en\/wp-json\/wp\/v2\/types\/page"}],"author":[{"embeddable":true,"href":"https:\/\/eu-tech.pl\/en\/wp-json\/wp\/v2\/users\/1"}],"replies":[{"embeddable":true,"href":"https:\/\/eu-tech.pl\/en\/wp-json\/wp\/v2\/comments?post=4613"}],"version-history":[{"count":5,"href":"https:\/\/eu-tech.pl\/en\/wp-json\/wp\/v2\/pages\/4613\/revisions"}],"predecessor-version":[{"id":4619,"href":"https:\/\/eu-tech.pl\/en\/wp-json\/wp\/v2\/pages\/4613\/revisions\/4619"}],"wp:attachment":[{"href":"https:\/\/eu-tech.pl\/en\/wp-json\/wp\/v2\/media?parent=4613"}],"curies":[{"name":"wp","href":"https:\/\/api.w.org\/{rel}","templated":true}]}}