{"id":4630,"date":"2025-09-22T09:54:21","date_gmt":"2025-09-22T09:54:21","guid":{"rendered":"https:\/\/eu-tech.pl\/?page_id=4630"},"modified":"2025-11-27T07:25:28","modified_gmt":"2025-11-27T07:25:28","slug":"czyszczenie-po-pozarze","status":"publish","type":"page","link":"https:\/\/eu-tech.pl\/en\/czyszczenie-po-pozarze\/","title":{"rendered":"Post-fire cleanup"},"content":{"rendered":"<div data-elementor-type=\"wp-page\" data-elementor-id=\"4630\" class=\"elementor elementor-4630\">\n\t\t\t\t\t\t<section class=\"elementor-section elementor-top-section elementor-element elementor-element-350c1b4 elementor-section-boxed elementor-section-height-default elementor-section-height-default\" data-id=\"350c1b4\" data-element_type=\"section\">\n\t\t\t\t\t\t<div class=\"elementor-container elementor-column-gap-default\">\n\t\t\t\t\t<div class=\"elementor-column elementor-col-100 elementor-top-column elementor-element elementor-element-933138e\" data-id=\"933138e\" data-element_type=\"column\">\n\t\t\t<div class=\"elementor-widget-wrap elementor-element-populated\">\n\t\t\t\t\t\t<div class=\"elementor-element elementor-element-bf57f82 elementor-widget elementor-widget-text-editor\" data-id=\"bf57f82\" data-element_type=\"widget\" data-widget_type=\"text-editor.default\">\n\t\t\t\t<div class=\"elementor-widget-container\">\n\t\t\t\t\t\t\t\t\t<p><strong>Fire <\/strong>leaves <strong>at <\/strong>themselves not only visible traces of soot, smoke and deposits, but also hidden contaminants that can adversely affect the health of users and the durability of the structure. <strong>Cleaning <\/strong>With dry ice it is possible to quickly and precisely remove the effects of fire, and at the same time it is completely safe for the cleaned surfaces. The jet of dry ice granules in contact with the dirt sublimates, effectively detaching layers of soot, without the need for water or aggressive chemicals.<\/p>\n<h2>Cold Jet advanced equipment<\/h2>\n<p>To provide services <strong>post-fire cleanup<\/strong> we use professional American Cold Jet machines, valued for their reliability and high efficiency. They allow precise regulation of pressure and the amount of pellets fed, which allows us to perfectly adjust the parameters of work to the type of surface - from brick and concrete, through wooden elements to delicate technical installations. This allows us to work in large industrial facilities, but also in smaller spaces that require caution.<\/p>\n<h2>Effective cleaning of walls after a cold fire<\/h2>\n<p><strong>Post-fire cleanup<\/strong> We undertake, among other things, in production halls, warehouses and industrial plants, as well as in residential buildings, commercial premises or public facilities. We remove dirt from steel structures, ventilation systems, machinery, facade elements and architectural details. We also successfully restore cleanliness in particularly sensitive areas, such as religious buildings or historic wooden surfaces.<\/p>\n<h3>Advantages of dry ice over traditional post-fire cleaning methods<\/h3>\n<p>Compared to traditional techniques (such as sandblasting or chemical washing) <strong>cleaning <\/strong>with dry ice <strong>after the fire<\/strong> requires no water or detergent, and leaves no additional waste. The process is dust-free, which reduces the risk of secondary soiling and shortens the time of cleanup work. The method is fully ecological, safe for people and the environment, and on top of that it does not cause damage to the substrate - this is especially important for historic surfaces or electrical installations.<\/p>\n<h3>Cleanup after fire with dry ice: Silesia, Malopolska and other regions<\/h3>\n<p>EU-TECH is distinguished by its flexible approach and readiness to carry out both large and smaller orders, which is rarely offered by our competitors. We operate mainly in the provinces of Silesia and Lesser Poland, but at the same time we serve customers throughout Poland. We invite you to contact us to discuss the details of the order <strong>cleaning walls after a fire<\/strong>.<\/p>\t\t\t\t\t\t\t\t<\/div>\n\t\t\t\t<\/div>\n\t\t\t\t\t<\/div>\n\t\t<\/div>\n\t\t\t\t\t<\/div>\n\t\t<\/section>\n\t\t\t\t<\/div>","protected":false},"excerpt":{"rendered":"<p>Po\u017car pozostawia po sobie nie tylko widoczne \u015blady sadzy, dymu i osad\u00f3w, ale r\u00f3wnie\u017c ukryte zanieczyszczenia, kt\u00f3re mog\u0105 negatywnie wp\u0142ywa\u0107 na zdrowie u\u017cytkownik\u00f3w oraz trwa\u0142o\u015b\u0107 konstrukcji. Czyszczenie suchym lodem pozwala na szybkie i precyzyjne usuni\u0119cie skutk\u00f3w ognia, a przy tym jest ca\u0142kowicie bezpieczne dla czyszczonych powierzchni. Strumie\u0144 granulatu suchego lodu w kontakcie z zabrudzeniem ulega [&hellip;]<\/p>\n","protected":false},"author":1,"featured_media":0,"parent":0,"menu_order":0,"comment_status":"closed","ping_status":"closed","template":"","meta":{"footnotes":""},"class_list":["post-4630","page","type-page","status-publish","hentry"],"yoast_head":"<!-- This site is optimized with the Yoast SEO plugin v27.0 - https:\/\/yoast.com\/product\/yoast-seo-wordpress\/ -->\n<title>Czyszczenie \u015bcian po po\u017carze | eu-tech.pl<\/title>\n<meta name=\"description\" content=\"Skuteczne czyszczenie po po\u017carze suchym lodem. Usuwamy sadz\u0119 bez u\u017cycia wody i chemii - bezpiecznie dla \u015bcian, drewna i maszyn. \u015al\u0105sk, Ma\u0142opolska i ca\u0142a Polska.\" \/>\n<meta name=\"robots\" content=\"index, follow, max-snippet:-1, max-image-preview:large, max-video-preview:-1\" \/>\n<link rel=\"canonical\" href=\"https:\/\/eu-tech.pl\/en\/czyszczenie-po-pozarze\/\" \/>\n<meta property=\"og:locale\" content=\"en_US\" \/>\n<meta property=\"og:type\" content=\"article\" \/>\n<meta property=\"og:title\" content=\"Czyszczenie \u015bcian po po\u017carze | eu-tech.pl\" \/>\n<meta property=\"og:description\" content=\"Skuteczne czyszczenie po po\u017carze suchym lodem. Usuwamy sadz\u0119 bez u\u017cycia wody i chemii - bezpiecznie dla \u015bcian, drewna i maszyn. \u015al\u0105sk, Ma\u0142opolska i ca\u0142a Polska.\" \/>\n<meta property=\"og:url\" content=\"https:\/\/eu-tech.pl\/en\/czyszczenie-po-pozarze\/\" \/>\n<meta property=\"og:site_name\" content=\"Czyszczenie suchym lodem - Us\u0142ugi - Liderzy czysto\u015bci z do\u015bwiadczeniem\" \/>\n<meta property=\"article:modified_time\" content=\"2025-11-27T07:25:28+00:00\" \/>\n<meta name=\"twitter:card\" content=\"summary_large_image\" \/>\n<meta name=\"twitter:label1\" content=\"Est. reading time\" \/>\n\t<meta name=\"twitter:data1\" content=\"3 minutes\" \/>\n<script type=\"application\/ld+json\" class=\"yoast-schema-graph\">{\"@context\":\"https:\/\/schema.org\",\"@graph\":[{\"@type\":\"WebPage\",\"@id\":\"https:\/\/eu-tech.pl\/czyszczenie-po-pozarze\/\",\"url\":\"https:\/\/eu-tech.pl\/czyszczenie-po-pozarze\/\",\"name\":\"Czyszczenie \u015bcian po po\u017carze | eu-tech.pl\",\"isPartOf\":{\"@id\":\"https:\/\/eu-tech.pl\/#website\"},\"datePublished\":\"2025-09-22T09:54:21+00:00\",\"dateModified\":\"2025-11-27T07:25:28+00:00\",\"description\":\"Skuteczne czyszczenie po po\u017carze suchym lodem. Usuwamy sadz\u0119 bez u\u017cycia wody i chemii - bezpiecznie dla \u015bcian, drewna i maszyn. \u015al\u0105sk, Ma\u0142opolska i ca\u0142a Polska.\",\"breadcrumb\":{\"@id\":\"https:\/\/eu-tech.pl\/czyszczenie-po-pozarze\/#breadcrumb\"},\"inLanguage\":\"en-US\",\"potentialAction\":[{\"@type\":\"ReadAction\",\"target\":[\"https:\/\/eu-tech.pl\/czyszczenie-po-pozarze\/\"]}]},{\"@type\":\"BreadcrumbList\",\"@id\":\"https:\/\/eu-tech.pl\/czyszczenie-po-pozarze\/#breadcrumb\",\"itemListElement\":[{\"@type\":\"ListItem\",\"position\":1,\"name\":\"Strona g\u0142\u00f3wna\",\"item\":\"https:\/\/eu-tech.pl\/\"},{\"@type\":\"ListItem\",\"position\":2,\"name\":\"Czyszczenie po po\u017carze\"}]},{\"@type\":\"WebSite\",\"@id\":\"https:\/\/eu-tech.pl\/#website\",\"url\":\"https:\/\/eu-tech.pl\/\",\"name\":\"Czyszczenie suchym lodem - Us\u0142ugi - Liderzy czysto\u015bci z do\u015bwiadczeniem\",\"description\":\"Oferujemy szeroki zakres profesjonalnych us\u0142ug czyszczenia, dostosowanych do r\u00f3\u017cnych bran\u017c i wymaga\u0144. Dzi\u0119ki nowoczesnym technologiom, takim jak czyszczenie suchym lodem, zapewniamy skuteczno\u015b\u0107, bezpiecze\u0144stwo i trosk\u0119 o \u015brodowisko.\",\"potentialAction\":[{\"@type\":\"SearchAction\",\"target\":{\"@type\":\"EntryPoint\",\"urlTemplate\":\"https:\/\/eu-tech.pl\/?s={search_term_string}\"},\"query-input\":{\"@type\":\"PropertyValueSpecification\",\"valueRequired\":true,\"valueName\":\"search_term_string\"}}],\"inLanguage\":\"en-US\"}]}<\/script>\n<!-- \/ Yoast SEO plugin. -->","yoast_head_json":{"title":"Czyszczenie \u015bcian po po\u017carze | eu-tech.pl","description":"Skuteczne czyszczenie po po\u017carze suchym lodem. Usuwamy sadz\u0119 bez u\u017cycia wody i chemii - bezpiecznie dla \u015bcian, drewna i maszyn. \u015al\u0105sk, Ma\u0142opolska i ca\u0142a Polska.","robots":{"index":"index","follow":"follow","max-snippet":"max-snippet:-1","max-image-preview":"max-image-preview:large","max-video-preview":"max-video-preview:-1"},"canonical":"https:\/\/eu-tech.pl\/en\/czyszczenie-po-pozarze\/","og_locale":"en_US","og_type":"article","og_title":"Czyszczenie \u015bcian po po\u017carze | eu-tech.pl","og_description":"Skuteczne czyszczenie po po\u017carze suchym lodem. Usuwamy sadz\u0119 bez u\u017cycia wody i chemii - bezpiecznie dla \u015bcian, drewna i maszyn. \u015al\u0105sk, Ma\u0142opolska i ca\u0142a Polska.","og_url":"https:\/\/eu-tech.pl\/en\/czyszczenie-po-pozarze\/","og_site_name":"Czyszczenie suchym lodem - Us\u0142ugi - Liderzy czysto\u015bci z do\u015bwiadczeniem","article_modified_time":"2025-11-27T07:25:28+00:00","twitter_card":"summary_large_image","twitter_misc":{"Est. reading time":"3 minutes"},"schema":{"@context":"https:\/\/schema.org","@graph":[{"@type":"WebPage","@id":"https:\/\/eu-tech.pl\/czyszczenie-po-pozarze\/","url":"https:\/\/eu-tech.pl\/czyszczenie-po-pozarze\/","name":"Czyszczenie \u015bcian po po\u017carze | eu-tech.pl","isPartOf":{"@id":"https:\/\/eu-tech.pl\/#website"},"datePublished":"2025-09-22T09:54:21+00:00","dateModified":"2025-11-27T07:25:28+00:00","description":"Skuteczne czyszczenie po po\u017carze suchym lodem. Usuwamy sadz\u0119 bez u\u017cycia wody i chemii - bezpiecznie dla \u015bcian, drewna i maszyn. \u015al\u0105sk, Ma\u0142opolska i ca\u0142a Polska.","breadcrumb":{"@id":"https:\/\/eu-tech.pl\/czyszczenie-po-pozarze\/#breadcrumb"},"inLanguage":"en-US","potentialAction":[{"@type":"ReadAction","target":["https:\/\/eu-tech.pl\/czyszczenie-po-pozarze\/"]}]},{"@type":"BreadcrumbList","@id":"https:\/\/eu-tech.pl\/czyszczenie-po-pozarze\/#breadcrumb","itemListElement":[{"@type":"ListItem","position":1,"name":"Strona g\u0142\u00f3wna","item":"https:\/\/eu-tech.pl\/"},{"@type":"ListItem","position":2,"name":"Czyszczenie po po\u017carze"}]},{"@type":"WebSite","@id":"https:\/\/eu-tech.pl\/#website","url":"https:\/\/eu-tech.pl\/","name":"Dry ice cleaning - Services - Cleanliness leaders with experience.","description":"We offer a wide range of professional cleaning services tailored to different industries and requirements. With modern technologies such as dry ice cleaning, we ensure efficiency, safety and environmental concerns.","potentialAction":[{"@type":"SearchAction","target":{"@type":"EntryPoint","urlTemplate":"https:\/\/eu-tech.pl\/?s={search_term_string}"},"query-input":{"@type":"PropertyValueSpecification","valueRequired":true,"valueName":"search_term_string"}}],"inLanguage":"en-US"}]}},"_links":{"self":[{"href":"https:\/\/eu-tech.pl\/en\/wp-json\/wp\/v2\/pages\/4630","targetHints":{"allow":["GET"]}}],"collection":[{"href":"https:\/\/eu-tech.pl\/en\/wp-json\/wp\/v2\/pages"}],"about":[{"href":"https:\/\/eu-tech.pl\/en\/wp-json\/wp\/v2\/types\/page"}],"author":[{"embeddable":true,"href":"https:\/\/eu-tech.pl\/en\/wp-json\/wp\/v2\/users\/1"}],"replies":[{"embeddable":true,"href":"https:\/\/eu-tech.pl\/en\/wp-json\/wp\/v2\/comments?post=4630"}],"version-history":[{"count":10,"href":"https:\/\/eu-tech.pl\/en\/wp-json\/wp\/v2\/pages\/4630\/revisions"}],"predecessor-version":[{"id":4673,"href":"https:\/\/eu-tech.pl\/en\/wp-json\/wp\/v2\/pages\/4630\/revisions\/4673"}],"wp:attachment":[{"href":"https:\/\/eu-tech.pl\/en\/wp-json\/wp\/v2\/media?parent=4630"}],"curies":[{"name":"wp","href":"https:\/\/api.w.org\/{rel}","templated":true}]}}